{"id":1813,"date":"2024-12-01T22:36:03","date_gmt":"2024-12-01T21:36:03","guid":{"rendered":"https:\/\/rafacontreras.org\/?page_id=1813"},"modified":"2025-02-02T12:39:16","modified_gmt":"2025-02-02T11:39:16","slug":"publicaciones","status":"publish","type":"page","link":"https:\/\/rafacontreras.org\/en\/publicaciones\/","title":{"rendered":"Publicaciones"},"content":{"rendered":"<div>\n<div class=\"kakUPfrxqBhAlUdwGhLzVrbugppyvhcKc bYegQZgsVtJfXgnQfKkntXpbhbuhLsKbunU KucqJbvPeSuAbeKDBuNFFsaEUPWlcBOYJGVyY \" data-view-name=\"profile-component-entity\">\n<div class=\"display-flex flex-column align-self-center flex-grow-1\">\n<div class=\"display-flex flex-row justify-space-between\">\n<div class=\" display-flex flex-column full-width\">\n<div class=\"display-flex flex-wrap align-items-center full-height\">\n<div class=\"display-flex \">\n<div class=\" display-flex full-width\">\n<p><img loading=\"lazy\" decoding=\"async\" class=\"alignleft\" src=\"https:\/\/media.licdn.com\/dms\/image\/v2\/D4D0BAQEjjB1fatm3Qw\/company-logo_100_100\/company-logo_100_100\/0\/1729583004573\/mapfre_logo?e=1741219200&amp;v=beta&amp;t=nEu-_Hc4yHcE5AikpeLUyUlY970WrELbexx276p9Xss\" alt=\"\" width=\"50\" height=\"50\" \/><\/p>\n<p style=\"padding-left: 80px;\"><strong>Valoraci\u00f3n de los datos de la IA en la industria del f\u00fatbol.<br \/>\n<\/strong>Universidad Pontificia Comillas. Tesis doctoral.<br \/>\n<a href=\"https:\/\/rafacontreras.org\/wp-content\/uploads\/2024\/05\/Tesis-4.pdf\" target=\"_blank\" rel=\"noopener\">Consultar aqu\u00ed<\/a><br \/>\nfeb. 2024<\/p>\n<hr \/>\n<p><img data-recalc-dims=\"1\" loading=\"lazy\" decoding=\"async\" class=\"wp-image-1818 alignleft\" src=\"https:\/\/i0.wp.com\/rafacontreras.org\/wp-content\/uploads\/2024\/12\/descarga-1.png?resize=50%2C50&#038;ssl=1\" alt=\"\" width=\"50\" height=\"50\" srcset=\"https:\/\/i0.wp.com\/rafacontreras.org\/wp-content\/uploads\/2024\/12\/descarga-1.png?resize=150%2C150&amp;ssl=1 150w, https:\/\/i0.wp.com\/rafacontreras.org\/wp-content\/uploads\/2024\/12\/descarga-1.png?resize=50%2C50&amp;ssl=1 50w, https:\/\/i0.wp.com\/rafacontreras.org\/wp-content\/uploads\/2024\/12\/descarga-1.png?zoom=2&amp;resize=50%2C50&amp;ssl=1 100w\" sizes=\"auto, (max-width: 50px) 100vw, 50px\" \/><\/p>\n<p style=\"padding-left: 80px;\"><strong>Econom\u00eda colaborativa<\/strong> <em>(cap\u00edtulo 1, punto 3)<br \/>\n<\/em>Cuadernos de derecho para ingenieros n\u00fam. 46. (Iberdrola, Wolters Kluwer)<br \/>\n<a href=\"https:\/\/www.amazon.es\/Cuadernos-derecho-ingenieros-Econom%C3%ADa-colaborativa\/dp\/8490207569\" target=\"_blank\" rel=\"noopener\"><em>Consultar aqu\u00ed<\/em><\/a><br \/>\n1 nov. 2018<\/p>\n<\/div>\n<\/div>\n<\/div>\n<\/div>\n<\/div>\n<div class=\"bSIBSRzKBxhKRuPoSlqPqhxkAafVKoJpUYGFvVE pvs-entity__sub-components\">\n<div class=\"pv-action pv-action__padding\">\n<div class=\"pvs-navigation__icon\">\n<hr \/>\n<\/div>\n<\/div>\n<\/div>\n<\/div>\n<\/div>\n<\/div>\n<div>\n<div class=\"kakUPfrxqBhAlUdwGhLzVrbugppyvhcKc bYegQZgsVtJfXgnQfKkntXpbhbuhLsKbunU KucqJbvPeSuAbeKDBuNFFsaEUPWlcBOYJGVyY \" data-view-name=\"profile-component-entity\">\n<div class=\"display-flex flex-column align-self-center flex-grow-1\">\n<div class=\"display-flex flex-row justify-space-between\">\n<div class=\" display-flex flex-column full-width\">\n<div class=\"display-flex flex-wrap align-items-center full-height\">\n<div class=\"display-flex \">\n<div class=\" display-flex full-width\">\n<p><img loading=\"lazy\" decoding=\"async\" class=\"alignleft\" src=\"https:\/\/media.licdn.com\/dms\/image\/v2\/C560BAQHSBzDRXtvZeQ\/company-logo_100_100\/company-logo_100_100\/0\/1635505227322\/universidad_de_c_diz_logo?e=1741219200&amp;v=beta&amp;t=647kjexlYnq6XimSqwSpufzwdvrycL63jEZTGcZSSRs\" alt=\"Logotipo de Universidad de C\u00e1diz\" width=\"50\" height=\"50\" \/><\/p>\n<div class=\"display-flex align-items-center mr1 t-bold\" style=\"padding-left: 80px;\"><strong><span aria-hidden=\"true\">El Perfil competencial del tecn\u00f3logo empresarial en las EBT&#8217;s de\u00a0<\/span><\/strong><b>Andaluc\u00eda<\/b><\/div>\n<div class=\"display-flex align-items-center mr1 t-bold\" style=\"padding-left: 80px;\">Universidad de C\u00e1diz. Tesis doctoral.<\/div>\n<div style=\"padding-left: 80px;\"><a href=\"https:\/\/dialnet.unirioja.es\/servlet\/tesis?codigo=51647\" target=\"_blank\" rel=\"noopener\"><em>Consultar aqu\u00ed<\/em><\/a><\/div>\n<\/div>\n<\/div>\n<\/div>\n<\/div>\n<div class=\" display-flex flex-column full-width\" style=\"padding-left: 80px;\"><span class=\"t-14 t-normal\"><span aria-hidden=\"true\">1 jun. 2011<\/span><\/span><\/div>\n<div>\n<hr \/>\n<\/div>\n<p><strong><span aria-hidden=\"true\"><img data-recalc-dims=\"1\" loading=\"lazy\" decoding=\"async\" class=\"wp-image-1834 alignleft\" src=\"https:\/\/i0.wp.com\/rafacontreras.org\/wp-content\/uploads\/2024\/12\/descarga-2.png?resize=50%2C50&#038;ssl=1\" alt=\"\" width=\"50\" height=\"50\" srcset=\"https:\/\/i0.wp.com\/rafacontreras.org\/wp-content\/uploads\/2024\/12\/descarga-2.png?resize=150%2C150&amp;ssl=1 150w, https:\/\/i0.wp.com\/rafacontreras.org\/wp-content\/uploads\/2024\/12\/descarga-2.png?resize=50%2C50&amp;ssl=1 50w, https:\/\/i0.wp.com\/rafacontreras.org\/wp-content\/uploads\/2024\/12\/descarga-2.png?w=225&amp;ssl=1 225w\" sizes=\"auto, (max-width: 50px) 100vw, 50px\" \/><\/span><\/strong><\/p>\n<div class=\" display-flex flex-column full-width\" style=\"padding-left: 80px;\"><strong><span aria-hidden=\"true\">Psicolog\u00eda del trabajo<\/span><\/strong><\/div>\n<div style=\"padding-left: 80px;\">Editorial Ariel<\/div>\n<div class=\" display-flex flex-column full-width\" style=\"padding-left: 80px;\"><a href=\"https:\/\/www.amazon.es\/Psicolog%C3%ADa-del-trabajo-Management-Psicologia\/dp\/8434488469\" target=\"_blank\" rel=\"noopener\"><em>Consultar aqu\u00ed<\/em><\/a><\/div>\n<div class=\" display-flex flex-column full-width\" style=\"padding-left: 80px;\">9 sept. 2010<\/div>\n<\/div>\n<div>\n<hr \/>\n<\/div>\n<p><img loading=\"lazy\" decoding=\"async\" class=\"alignleft\" src=\"https:\/\/media.licdn.com\/dms\/image\/v2\/D4D0BAQEjjB1fatm3Qw\/company-logo_100_100\/company-logo_100_100\/0\/1729583004573\/mapfre_logo?e=1741219200&amp;v=beta&amp;t=nEu-_Hc4yHcE5AikpeLUyUlY970WrELbexx276p9Xss\" width=\"50\" height=\"50\" \/><\/p>\n<div class=\" display-flex flex-column full-width\" style=\"padding-left: 80px;\"><strong><span aria-hidden=\"true\">Discapacitados y empresas en Europa: Un an\u00e1lisis de la productividad. <\/span><span aria-hidden=\"true\">(El coste de oportunidad desconocido)<\/span><\/strong><\/div>\n<div class=\" display-flex flex-column full-width\" style=\"padding-left: 80px;\">Fundaci\u00f3n MAPFRE<\/div>\n<div class=\" display-flex flex-column full-width\" style=\"padding-left: 80px;\"><a href=\"https:\/\/app.mapfre.com\/ccm\/content\/documentos\/fundacion\/accion-social\/Discapacitados-y-empresa.pdf\" target=\"_blank\" rel=\"noopener\"><em>Consultar aqu\u00ed<\/em><\/a><\/div>\n<div class=\" display-flex flex-column full-width\" style=\"padding-left: 80px;\">1 ene. 2010<\/div>\n<div>\n<hr \/>\n<div class=\" display-flex flex-column full-width\">\n<div class=\" display-flex flex-column full-width\"><strong><span aria-hidden=\"true\">\u00a0<\/span><\/strong><img loading=\"lazy\" decoding=\"async\" class=\"alignleft\" src=\"https:\/\/media.licdn.com\/dms\/image\/v2\/D4D0BAQEjjB1fatm3Qw\/company-logo_100_100\/company-logo_100_100\/0\/1729583004573\/mapfre_logo?e=1741219200&amp;v=beta&amp;t=nEu-_Hc4yHcE5AikpeLUyUlY970WrELbexx276p9Xss\" alt=\"\" width=\"50\" height=\"50\" \/><strong><span aria-hidden=\"true\">\u00a0 Discapacitados y empresas : Un an\u00e1lisis de la productividad. <\/span><span aria-hidden=\"true\">(El coste de oportunidad desconocido)<\/span><\/strong><\/div>\n<div class=\" display-flex flex-column full-width\" style=\"padding-left: 80px;\">Fundaci\u00f3n MAPFRE<\/div>\n<div class=\" display-flex flex-column full-width\" style=\"padding-left: 80px;\"><a href=\"https:\/\/app.mapfre.com\/ccm\/content\/documentos\/fundacion\/accion-social\/Discapacitados-y-empresa.pdf\" target=\"_blank\" rel=\"noopener\"><em>Consultar aqu\u00ed<\/em><\/a><\/div>\n<div class=\" display-flex flex-column full-width\" style=\"padding-left: 80px;\">1 ene. 2010<\/div>\n<\/div>\n<\/div>\n<div>\n<hr \/>\n<\/div>\n<\/div>\n<\/div>\n<\/div>\n","protected":false},"excerpt":{"rendered":"<p>Valoraci\u00f3n de los datos de la IA en la industria del f\u00fatbol. Universidad Pontificia Comillas. Tesis doctoral. Consultar aqu\u00ed feb. 2024 Econom\u00eda colaborativa (cap\u00edtulo 1, punto 3) Cuadernos de derecho para ingenieros n\u00fam. 46. (Iberdrola, Wolters Kluwer) Consultar aqu\u00ed 1 nov. 2018 El Perfil competencial del tecn\u00f3logo empresarial en las&hellip;<\/p>\n","protected":false},"author":1,"featured_media":0,"parent":0,"menu_order":0,"comment_status":"closed","ping_status":"closed","template":"","meta":{"_mo_disable_npp":"","footnotes":""},"class_list":["post-1813","page","type-page","status-publish","hentry"],"jetpack_sharing_enabled":true,"brizy_media":[],"_links":{"self":[{"href":"https:\/\/rafacontreras.org\/en\/wp-json\/wp\/v2\/pages\/1813","targetHints":{"allow":["GET"]}}],"collection":[{"href":"https:\/\/rafacontreras.org\/en\/wp-json\/wp\/v2\/pages"}],"about":[{"href":"https:\/\/rafacontreras.org\/en\/wp-json\/wp\/v2\/types\/page"}],"author":[{"embeddable":true,"href":"https:\/\/rafacontreras.org\/en\/wp-json\/wp\/v2\/users\/1"}],"replies":[{"embeddable":true,"href":"https:\/\/rafacontreras.org\/en\/wp-json\/wp\/v2\/comments?post=1813"}],"version-history":[{"count":25,"href":"https:\/\/rafacontreras.org\/en\/wp-json\/wp\/v2\/pages\/1813\/revisions"}],"predecessor-version":[{"id":1958,"href":"https:\/\/rafacontreras.org\/en\/wp-json\/wp\/v2\/pages\/1813\/revisions\/1958"}],"wp:attachment":[{"href":"https:\/\/rafacontreras.org\/en\/wp-json\/wp\/v2\/media?parent=1813"}],"curies":[{"name":"wp","href":"https:\/\/api.w.org\/{rel}","templated":true}]}}