{"id":2258,"date":"2025-11-02T22:14:19","date_gmt":"2025-11-02T21:14:19","guid":{"rendered":"https:\/\/rafacontreras.org\/?page_id=2258"},"modified":"2025-11-03T19:44:55","modified_gmt":"2025-11-03T18:44:55","slug":"press","status":"publish","type":"page","link":"https:\/\/rafacontreras.org\/en\/press\/","title":{"rendered":"Brizy #2258"},"content":{"rendered":"<div class=\"brz brz-root__container brz-reset-all brz-root__container-page\" >\n<section id=\"vZrK_vlHLNEI_vZrK_vlHLNEI\" data-brz-iteration-count=\"1\" class=\"brz-section brz-css-1a7oxuj brz-css-bvajp1 brz-animated brz-css-1ug5qpx brz-css-1vadv9r\">\n<div class=\"brz-section__content brz-section--boxed brz-css-1nxdz7y brz-css-bxoxwl\" data-brz-custom-id=\"vY7CH8uekZhS\">\n<div class=\"brz-bg\">\n<div class=\"brz-bg-image\"><\/div>\n<div class=\"brz-bg-color\"><\/div>\n<\/div>\n<div class=\"brz-container brz-css-13g3xcq brz-css-11aatoj\">\n<div class=\"brz-row__container brz-css-1xo954m brz-css-4dzt1\" data-brz-custom-id=\"pVML01jw2lLJ\">\n<div class=\"brz-row brz-css-lx2wsa brz-css-1x0olmb brz-css-estj46\">\n<div class=\"brz-columns brz-css-mhym54 brz-css-148n6hv\" data-brz-custom-id=\"fPtktikKpXGY\">\n<div class=\"brz-bg\">\n<div class=\"brz-bg-color\"><\/div>\n<\/div>\n<div class=\"brz-column__items brz-css-1fy8ynj brz-css-1sx8lrj\">\n<div id=\"\" class=\"brz-css-1wjcjwn brz-css-g43s8t brz-css-19t88a4 brz-wrapper\">\n<div class=\"brz-spacer brz-css-u8nuzr brz-css-17dnc0e\"><\/div>\n<\/div>\n<div class=\"brz-wrapper-clone brz-flex-xs-wrap brz-css-1k0apf5 brz-css-1cynaq7\" data-brz-custom-id=\"gd0tatRflrX3\">\n<div class=\"brz-icon__container\" data-brz-custom-id=\"kT5RScxIJfys\"><span class=\"brz-icon brz-span brz-css-1pjo15d brz-css-1qy8hfg\"><svg class=\"brz-icon-svg align-[initial]\"><use href=\"\/wp-content\/plugins\/brizy\/public\/editor-build\/prod\/editor\/icons\/fa\/newspaper.svg#fa_icon\"><\/use><\/svg><\/span><\/div>\n<\/div>\n<div id=\"\" class=\"brz-css-1wjcjwn brz-css-1w58xgo brz-wrapper\">\n<div class=\"brz-rich-text brz-rich-text__custom brz-css-xo9reo brz-css-14tjurs\" data-brz-custom-id=\"g0rP1IvJ2bXa\">\n<div data-brz-translate-text=\"1\">\n<h3 data-generated-css=\"brz-css-bO9B2\" data-uniq-id=\"ldFvc\" class=\"brz-tp-lg-heading3 brz-text-lg-center brz-css-fG9Dp\"><a class=\"link--external brz-cp-color2\" style=\"color: rgba(var(--brz-global-color2),1);\" href=\"https:\/\/www.google.com\/url?sa=t&amp;source=web&amp;rct=j&amp;opi=89978449&amp;url=https:\/\/www.europapress.es\/economia\/bolsa-00348\/noticia-cadiz-empieza-cotizar-nasdaq-filial-tecnologica-nomadar-acciones-disparan-288-20251031190112.html&amp;ved=2ahUKEwjYpoKGqtSQAxUsWkEAHe00Ffs4ChDF9AEoAHoECAoQAQ&amp;usg=AOvVaw20z5X5NBgdlgFcG4OHdA__\" data-brz-link-type=\"external\" target=\"_blank\" rel=\"noreferrer noopener\"><strong>Europa Press<\/strong><\/a><\/h3>\n<\/div>\n<\/div>\n<\/div>\n<div id=\"\" class=\"brz-css-1wjcjwn brz-css-sw4o72 brz-wrapper\">\n<div class=\"brz-rich-text brz-rich-text__custom brz-css-xo9reo brz-css-1sqpie1\" data-brz-custom-id=\"hhIfomrckDH4\">\n<div data-brz-translate-text=\"1\">\n<p class=\"brz-text-lg-center brz-tp-lg-paragraph brz-css-hWL6F\" data-uniq-id=\"lwFoh\" data-generated-css=\"brz-css-dH63k\"><span style=\"color: rgba(var(--brz-global-color7),1);\" class=\"brz-cp-color7\">C\u00e1diz begins trading on Nasdaq with its tech subsidiary Nomadar, and its shares soar by 28.8%.<\/span><\/p>\n<\/div>\n<\/div>\n<\/div>\n<div id=\"\" class=\"brz-css-1wjcjwn brz-css-g43s8t brz-css-6bwayt brz-wrapper\">\n<div class=\"brz-spacer brz-css-u8nuzr brz-css-x5jg9b\"><\/div>\n<\/div>\n<\/div>\n<\/div>\n<div class=\"brz-columns brz-css-mhym54 brz-css-1ikk9v1\" data-brz-custom-id=\"oppsJYSxHhVb\">\n<div class=\"brz-bg\">\n<div class=\"brz-bg-color\"><\/div>\n<\/div>\n<div class=\"brz-column__items brz-css-1fy8ynj brz-css-1r91lq\">\n<div id=\"\" class=\"brz-css-1wjcjwn brz-css-g43s8t brz-css-4p9osy brz-wrapper\">\n<div class=\"brz-spacer brz-css-u8nuzr brz-css-oglgur\"><\/div>\n<\/div>\n<div class=\"brz-wrapper-clone brz-flex-xs-wrap brz-css-1k0apf5 brz-css-1x6ijwo\" data-brz-custom-id=\"xSMAIc6Zer5d\">\n<div class=\"brz-icon__container\" data-brz-custom-id=\"dP2dIiMxreMx\"><span class=\"brz-icon brz-span brz-css-1pjo15d brz-css-1od1pdu\"><svg class=\"brz-icon-svg align-[initial]\"><use href=\"\/wp-content\/plugins\/brizy\/public\/editor-build\/prod\/editor\/icons\/fa\/newspaper.svg#fa_icon\"><\/use><\/svg><\/span><\/div>\n<\/div>\n<div id=\"\" class=\"brz-css-1wjcjwn brz-css-o4314e brz-wrapper\">\n<div class=\"brz-rich-text brz-rich-text__custom brz-css-xo9reo brz-css-wzeqqr\" data-brz-custom-id=\"f2NJIg6W__Vb\">\n<div data-brz-translate-text=\"1\">\n<h3 class=\"brz-tp-lg-heading3 brz-text-lg-center brz-css-asFfK\" data-generated-css=\"brz-css-cZgoj\" data-uniq-id=\"dLrJE\"><a class=\"link--external brz-cp-color8\" style=\"color: rgba(var(--brz-global-color2),1);\" href=\"https:\/\/www.google.com\/url?sa=t&amp;source=web&amp;rct=j&amp;opi=89978449&amp;url=https:\/\/www.marca.com\/futbol\/cadiz\/2025\/10\/31\/cadiz-historia-filial-tecnologica-nomadar-debuta-nasdaq-nueva-york.html&amp;ved=2ahUKEwiKqsGbq9SQAxWMW0EAHeFiFr0QvOMEKAB6BAgbEAE&amp;usg=AOvVaw0p0OQ8d6Rb0K288lSLBYra\" data-brz-link-type=\"external\" target=\"_blank\" rel=\"noreferrer noopener\"><strong>MARCA<\/strong><\/a><\/h3>\n<\/div>\n<\/div>\n<\/div>\n<div id=\"\" class=\"brz-css-1wjcjwn brz-css-vuxyb3 brz-wrapper\">\n<div class=\"brz-rich-text brz-rich-text__custom brz-css-xo9reo brz-css-1x3pvob\" data-brz-custom-id=\"vEPB33Itqvzz\">\n<div data-brz-translate-text=\"1\">\n<p class=\"brz-tp-lg-paragraph brz-text-lg-center brz-css-iBmMM\" data-generated-css=\"brz-css-iUGb3\" data-uniq-id=\"vo8nt\"><span style=\"color: rgba(var(--brz-global-color7),1);\" class=\"brz-cp-color7\">C\u00e1diz makes history: its tech subsidiary Nomadar debuts on New York\u2019s Nasdaq.<\/span><\/p>\n<\/div>\n<\/div>\n<\/div>\n<div id=\"\" class=\"brz-css-1wjcjwn brz-css-g43s8t brz-css-1hzo9a3 brz-wrapper\">\n<div class=\"brz-spacer brz-css-u8nuzr brz-css-1om29j6\"><\/div>\n<\/div>\n<\/div>\n<\/div>\n<div class=\"brz-columns brz-css-mhym54 brz-css-1yo30vk\" data-brz-custom-id=\"rZZtcwCmSODP\">\n<div class=\"brz-bg\">\n<div class=\"brz-bg-color\"><\/div>\n<\/div>\n<div class=\"brz-column__items brz-css-1fy8ynj brz-css-1cb818o\">\n<div id=\"\" class=\"brz-css-1wjcjwn brz-css-g43s8t brz-css-1koe8bw brz-wrapper\">\n<div class=\"brz-spacer brz-css-u8nuzr brz-css-vu8ine\"><\/div>\n<\/div>\n<div class=\"brz-wrapper-clone brz-flex-xs-wrap brz-css-1k0apf5 brz-css-34jie2\" data-brz-custom-id=\"dB2TGFAgcSDi\">\n<div class=\"brz-icon__container\" data-brz-custom-id=\"rnNh9otpUSkw\"><span class=\"brz-icon brz-span brz-css-1pjo15d brz-css-u8dw80\"><svg class=\"brz-icon-svg align-[initial]\"><use href=\"\/wp-content\/plugins\/brizy\/public\/editor-build\/prod\/editor\/icons\/fa\/newspaper.svg#fa_icon\"><\/use><\/svg><\/span><\/div>\n<\/div>\n<div id=\"\" class=\"brz-css-1wjcjwn brz-css-12xv3qa brz-wrapper\">\n<div class=\"brz-rich-text brz-rich-text__custom brz-css-xo9reo brz-css-1q5d8lb\" data-brz-custom-id=\"chd4xmFVXEtH\">\n<div data-brz-translate-text=\"1\">\n<h3 class=\"brz-tp-lg-heading3 brz-text-lg-center brz-css-rKeC4\" data-generated-css=\"brz-css-mxndD\" data-uniq-id=\"e7Ndo\"><a class=\"link--external brz-cp-color8\" style=\"color: rgba(var(--brz-global-color2),1);\" href=\"https:\/\/www.elconfidencial.com\/mercados\/2025-10-31\/cadiz-cf-wall-street-a-traves-de-su-filial-tecnologica-nomadar_4239515\/\" data-brz-link-type=\"external\" target=\"_blank\" rel=\"noreferrer noopener\"><strong>El Confidencial<\/strong><\/a><\/h3>\n<\/div>\n<\/div>\n<\/div>\n<div id=\"\" class=\"brz-css-1wjcjwn brz-css-1qdxtgr brz-wrapper\">\n<div class=\"brz-rich-text brz-rich-text__custom brz-css-xo9reo brz-css-1m193ov\" data-brz-custom-id=\"qTQgFdYxKGVZ\">\n<div data-brz-translate-text=\"1\">\n<p class=\"brz-text-lg-center brz-tp-lg-paragraph brz-css-y15AP\" data-uniq-id=\"loVWG\" data-generated-css=\"brz-css-aqoD6\"><span style=\"color: rgba(var(--brz-global-color7),1);\" class=\"brz-cp-color7\">C\u00e1diz CF makes its debut on Wall Street through its tech subsidiary Nomadar.<\/span><\/p>\n<\/div>\n<\/div>\n<\/div>\n<div id=\"\" class=\"brz-css-1wjcjwn brz-css-g43s8t brz-css-1vwq4p brz-wrapper\">\n<div class=\"brz-spacer brz-css-u8nuzr brz-css-d84bnl\"><\/div>\n<\/div>\n<\/div>\n<\/div>\n<\/div>\n<\/div>\n<div class=\"brz-row__container brz-css-1xo954m brz-css-tyyqso\" data-brz-custom-id=\"bm96MiKJOmCE\">\n<div class=\"brz-row brz-css-lx2wsa brz-css-1x0olmb brz-css-xusfhl\">\n<div class=\"brz-columns brz-css-mhym54 brz-css-1thkifn\" data-brz-custom-id=\"ciOW5JN8pxRl\">\n<div class=\"brz-bg\">\n<div class=\"brz-bg-color\"><\/div>\n<\/div>\n<div class=\"brz-column__items brz-css-1fy8ynj brz-css-9egflw\">\n<div id=\"\" class=\"brz-css-1wjcjwn brz-css-g43s8t brz-css-hs7v5m brz-wrapper\">\n<div class=\"brz-spacer brz-css-u8nuzr brz-css-r7rww7\"><\/div>\n<\/div>\n<div class=\"brz-wrapper-clone brz-flex-xs-wrap brz-css-1k0apf5 brz-css-17ubmlo\" data-brz-custom-id=\"mO79YKfvs0o3\">\n<div class=\"brz-icon__container\" data-brz-custom-id=\"zWYoUex5EzqG\"><span class=\"brz-icon brz-span brz-css-1pjo15d brz-css-173ipmi\"><svg class=\"brz-icon-svg align-[initial]\"><use href=\"\/wp-content\/plugins\/brizy\/public\/editor-build\/prod\/editor\/icons\/fa\/newspaper.svg#fa_icon\"><\/use><\/svg><\/span><\/div>\n<\/div>\n<div id=\"\" class=\"brz-css-1wjcjwn brz-css-1tzgdtt brz-wrapper\">\n<div class=\"brz-rich-text brz-rich-text__custom brz-css-xo9reo brz-css-19en1d0\" data-brz-custom-id=\"fBIj3ETZMHDH\">\n<div data-brz-translate-text=\"1\">\n<h3 class=\"brz-tp-lg-heading3 brz-text-lg-center brz-css-qxwbs\" data-generated-css=\"brz-css-xa06E\" data-uniq-id=\"a2PFO\"><a class=\"link--external brz-cp-color2\" style=\"color: rgba(var(--brz-global-color2),1);\" href=\"https:\/\/www.google.com\/url?sa=t&amp;source=web&amp;rct=j&amp;opi=89978449&amp;url=https:\/\/www.cadizcf.com\/noticias\/el-cadiz-da-el-salto-a-nasdaq-de-la-mano-de-su-filial-tecnologica&amp;ved=2ahUKEwinouHFqNSQAxXaXEEAHRkGGm0QxfQBKAB6BAgIEAE&amp;usg=AOvVaw3XlBzMWbC8ZNpDDrJ39QxW\" data-brz-link-type=\"external\" target=\"_blank\" rel=\"noreferrer noopener\"><strong>C\u00e1diz CF<\/strong><\/a><\/h3>\n<\/div>\n<\/div>\n<\/div>\n<div id=\"\" class=\"brz-css-1wjcjwn brz-css-17k2z0j brz-wrapper\">\n<div class=\"brz-rich-text brz-rich-text__custom brz-css-xo9reo brz-css-e74uus\" data-brz-custom-id=\"jRIMh3QSwxTq\">\n<div data-brz-translate-text=\"1\">\n<p class=\"brz-text-lg-center brz-tp-lg-paragraph brz-css-nIvcg\" data-uniq-id=\"jf0qj\" data-generated-css=\"brz-css-mPfTc\"><span style=\"color: rgba(var(--brz-global-color7),1);\" class=\"brz-cp-color7\">C\u00e1diz takes the leap to Nasdaq with the help of its tech subsidiary.<\/span><\/p>\n<\/div>\n<\/div>\n<\/div>\n<div id=\"\" class=\"brz-css-1wjcjwn brz-css-g43s8t brz-css-3h8qew brz-wrapper\">\n<div class=\"brz-spacer brz-css-u8nuzr brz-css-3rppt7\"><\/div>\n<\/div>\n<\/div>\n<\/div>\n<div class=\"brz-columns brz-css-mhym54 brz-css-qb51yu\" data-brz-custom-id=\"blJJN2bUTFhG\">\n<div class=\"brz-bg\">\n<div class=\"brz-bg-color\"><\/div>\n<\/div>\n<div class=\"brz-column__items brz-css-1fy8ynj brz-css-1xnac0s\">\n<div id=\"\" class=\"brz-css-1wjcjwn brz-css-g43s8t brz-css-jmatkf brz-wrapper\">\n<div class=\"brz-spacer brz-css-u8nuzr brz-css-ni3bq9\"><\/div>\n<\/div>\n<div class=\"brz-wrapper-clone brz-flex-xs-wrap brz-css-1k0apf5 brz-css-1ufwtgd\" data-brz-custom-id=\"s4WDaVpnsNGw\">\n<div class=\"brz-icon__container\" data-brz-custom-id=\"cxXE2RJHjEjr\"><span class=\"brz-icon brz-span brz-css-1pjo15d brz-css-1r2dsxq\"><svg class=\"brz-icon-svg align-[initial]\"><use href=\"\/wp-content\/plugins\/brizy\/public\/editor-build\/prod\/editor\/icons\/fa\/newspaper.svg#fa_icon\"><\/use><\/svg><\/span><\/div>\n<\/div>\n<div id=\"\" class=\"brz-css-1wjcjwn brz-css-1hz2qwo brz-wrapper\">\n<div class=\"brz-rich-text brz-rich-text__custom brz-css-xo9reo brz-css-13omhur\" data-brz-custom-id=\"x5OWFFhe5F9C\">\n<div data-brz-translate-text=\"1\">\n<h3 class=\"brz-tp-lg-heading3 brz-text-lg-center brz-css-ukmAO\" data-generated-css=\"brz-css-kTk5e\" data-uniq-id=\"w9_4R\"><a class=\"link--external brz-cp-color2\" style=\"background-color: rgb(255, 255, 255); color: rgba(var(--brz-global-color2),1);\" href=\"https:\/\/www.expansion.com\/empresas\/2025\/10\/30\/69034214e5fdea5c1a8b45b9.html\" data-brz-link-type=\"external\" target=\"_blank\" rel=\"noreferrer noopener\"><strong>Expansi\u00f3n<\/strong><\/a><\/h3>\n<\/div>\n<\/div>\n<\/div>\n<div id=\"\" class=\"brz-css-1wjcjwn brz-css-1nas6ca brz-wrapper\">\n<div class=\"brz-rich-text brz-rich-text__custom brz-css-xo9reo brz-css-x1lpaq\" data-brz-custom-id=\"isnHxvs0jQoH\">\n<div data-brz-translate-text=\"1\">\n<p class=\"brz-text-lg-center brz-tp-lg-paragraph brz-css-nT355\" data-uniq-id=\"jmcSC\" data-generated-css=\"brz-css-yDJL1\"><span style=\"color: rgba(var(--brz-global-color7),1);\" class=\"brz-cp-color7\">C\u00e1diz makes history today by debuting on Nasdaq in pursuit of 123 million euros.<\/span><\/p>\n<\/div>\n<\/div>\n<\/div>\n<div id=\"\" class=\"brz-css-1wjcjwn brz-css-g43s8t brz-css-stjhj4 brz-wrapper\">\n<div class=\"brz-spacer brz-css-u8nuzr brz-css-1lob8j1\"><\/div>\n<\/div>\n<\/div>\n<\/div>\n<div class=\"brz-columns brz-css-mhym54 brz-css-5buova\" data-brz-custom-id=\"u1KYtta9pSRh\">\n<div class=\"brz-bg\">\n<div class=\"brz-bg-color\"><\/div>\n<\/div>\n<div class=\"brz-column__items brz-css-1fy8ynj brz-css-1kme77r\">\n<div id=\"\" class=\"brz-css-1wjcjwn brz-css-g43s8t brz-css-aebagf brz-wrapper\">\n<div class=\"brz-spacer brz-css-u8nuzr brz-css-4iefpu\"><\/div>\n<\/div>\n<div class=\"brz-wrapper-clone brz-flex-xs-wrap brz-css-1k0apf5 brz-css-19x4qq5\" data-brz-custom-id=\"hrMEUMhJetIM\">\n<div class=\"brz-icon__container\" data-brz-custom-id=\"u14bZttHJhPs\"><span class=\"brz-icon brz-span brz-css-1pjo15d brz-css-1dsfa3j\"><svg class=\"brz-icon-svg align-[initial]\"><use href=\"\/wp-content\/plugins\/brizy\/public\/editor-build\/prod\/editor\/icons\/fa\/newspaper.svg#fa_icon\"><\/use><\/svg><\/span><\/div>\n<\/div>\n<div id=\"\" class=\"brz-css-1wjcjwn brz-css-1dl7nee brz-wrapper\">\n<div class=\"brz-rich-text brz-rich-text__custom brz-css-xo9reo brz-css-bjnuk2\" data-brz-custom-id=\"dsGeX2966Yj_\">\n<div data-brz-translate-text=\"1\">\n<h3 class=\"brz-tp-lg-heading3 brz-text-lg-center brz-css-bVgsu\" data-generated-css=\"brz-css-oMbri\" data-uniq-id=\"y_Ags\"><a class=\"link--external brz-cp-color2\" style=\"background-color: rgb(255, 255, 255); color: rgba(var(--brz-global-color2),1);\" href=\"https:\/\/www.google.com\/url?sa=t&amp;source=web&amp;rct=j&amp;opi=89978449&amp;url=https:\/\/www.eleconomista.es\/mercados-cotizaciones\/noticias\/13620819\/10\/25\/wall-street-es-hoy-amarilla-el-cadiz-cf-debuta-en-el-nasdaq.html&amp;ved=2ahUKEwinouHFqNSQAxXaXEEAHRkGGm0QxfQBKAB6BAgNEAE&amp;usg=AOvVaw2juW63MCKLAAiNyTpdUfaP\" data-brz-link-type=\"external\" target=\"_blank\" rel=\"noreferrer noopener\"><strong>El Economista<\/strong><\/a><\/h3>\n<\/div>\n<\/div>\n<\/div>\n<div id=\"\" class=\"brz-css-1wjcjwn brz-css-g6w13g brz-wrapper\">\n<div class=\"brz-rich-text brz-rich-text__custom brz-css-xo9reo brz-css-5ghkgq\" data-brz-custom-id=\"fxa4btIsf8Rj\">\n<div data-brz-translate-text=\"1\">\n<p class=\"brz-text-lg-center brz-tp-lg-paragraph brz-css-ilfB4\" data-uniq-id=\"uip0T\" data-generated-css=\"brz-css-gWBFl\"><span style=\"color: rgba(var(--brz-global-color7),1);\" class=\"brz-cp-color7\">Wall Street turns yellow: C\u00e1diz CF is now trading on Nasdaq and surges in its first moves.<\/span><\/p>\n<p class=\"brz-text-lg-center brz-tp-lg-paragraph brz-css-vwDaS\" data-uniq-id=\"uip0T\" data-generated-css=\"brz-css-gWBFl\"><\/p>\n<\/div>\n<\/div>\n<\/div>\n<div id=\"\" class=\"brz-css-1wjcjwn brz-css-g43s8t brz-css-1ya04rr brz-wrapper\">\n<div class=\"brz-spacer brz-css-u8nuzr brz-css-19rl2k0\"><\/div>\n<\/div>\n<\/div>\n<\/div>\n<\/div>\n<\/div>\n<div id=\"\" class=\"brz-css-1wjcjwn brz-css-1wlq7fa brz-wrapper\">\n<div class=\"brz-line brz-line-default brz-css-1qjc8wo brz-css-i1h7hl\" data-brz-custom-id=\"jP5do66Jgv6_\">\n<hr class=\"brz-hr\"><\/div>\n<\/div>\n<div id=\"\" class=\"brz-css-1wjcjwn brz-css-fhxdnh brz-wrapper\">\n<div class=\"brz-video brz-vimeo-video brz-video-on-controls-hidden brz-css-1efmre1 brz-css-lmbg54\" data-brz-custom-id=\"poA2oyHoZq6T\">\n<div class=\"brz-video-content\" data-loop=\"false\" data-muted=\"true\" data-autoplay=\"off\">\n<div class=\"video-wrapper brz-image-fix-16-9\">\n<div class=\"brz-video-data brz-hidden\" data-src=\"https:\/\/player.vimeo.com\/video\/1132967063?autoplay=0&amp;background=0&amp;title=1&amp;byline=1&amp;badge=false&amp;autopause=false&amp;portrait=1&amp;controls=1&amp;loop=0&amp;muted=1#t=0s\" data-population=\"\" data-controls=\"true\" data-branding=\"true\" data-intro=\"true\" data-start=\"0\" data-end=\"0\" data-loop=\"false\" data-autoplay=\"off\"><\/div>\n<p><iframe loading=\"lazy\" allowfullscreen=\"\" class=\"intrinsic-ignore brz-iframe\" src=\"https:\/\/player.vimeo.com\/video\/1132967063?autoplay=0&amp;background=0&amp;title=1&amp;byline=1&amp;badge=false&amp;autopause=false&amp;portrait=1&amp;controls=1&amp;loop=0&amp;muted=1#t=0s\" title=\"video\"><\/iframe><\/div>\n<\/div>\n<\/div>\n<\/div>\n<div id=\"\" class=\"brz-css-1wjcjwn brz-css-a7i8eg brz-wrapper\">\n<div class=\"brz-video brz-vimeo-video brz-video-on-controls-hidden brz-css-1efmre1 brz-css-1mywjtr\" data-brz-custom-id=\"rI2N9CziN8jX\">\n<div class=\"brz-video-content\" data-loop=\"false\" data-muted=\"true\" data-autoplay=\"off\">\n<div class=\"video-wrapper brz-image-fix-16-9\">\n<div class=\"brz-video-data brz-hidden\" data-src=\"https:\/\/player.vimeo.com\/video\/1133221331?autoplay=0&amp;background=0&amp;title=1&amp;byline=1&amp;badge=false&amp;autopause=false&amp;portrait=1&amp;controls=1&amp;loop=0&amp;muted=1#t=0s\" data-population=\"\" data-controls=\"true\" data-branding=\"true\" data-intro=\"true\" data-start=\"0\" data-end=\"0\" data-loop=\"false\" data-autoplay=\"off\"><\/div>\n<p><iframe loading=\"lazy\" allowfullscreen=\"\" class=\"intrinsic-ignore brz-iframe\" src=\"https:\/\/player.vimeo.com\/video\/1133221331?autoplay=0&amp;background=0&amp;title=1&amp;byline=1&amp;badge=false&amp;autopause=false&amp;portrait=1&amp;controls=1&amp;loop=0&amp;muted=1#t=0s\" title=\"video\"><\/iframe><\/div>\n<\/div>\n<\/div>\n<\/div>\n<div class=\"brz-wrapper-clone brz-flex-xs-wrap brz-css-1k0apf5 brz-css-18kdfl2\" data-brz-custom-id=\"iYArTke5fIRH\"><a class=\"brz-a brz-btn brz-css-159so4y brz-css-1stue8d brz-css-zxcl33 brz-css-b4ol49\" href=\"https:\/\/rafacontreras.org\/nmdr\/\" target=\"_self\" rel=\"noopener\" data-brz-link-type=\"page\" data-brz-custom-id=\"iooSkDYRRxXm\"><span data-brz-translate-text=\"1\" class=\"brz-span brz-text__editor\">BACK<\/span><\/a><\/div>\n<\/div>\n<\/div>\n<\/section><\/div>\n<p><!-- version:1762195495 --><\/p>\n","protected":false},"excerpt":{"rendered":"<p>Europa Press C\u00e1diz begins trading on Nasdaq with its tech subsidiary Nomadar, and its shares soar by 28.8%. MARCA C\u00e1diz makes history: its tech subsidiary Nomadar debuts on New York\u2019s Nasdaq. El Confidencial C\u00e1diz CF makes its debut on Wall Street through its tech subsidiary Nomadar. C\u00e1diz CF C\u00e1diz takes&hellip;<\/p>\n","protected":false},"author":1,"featured_media":0,"parent":0,"menu_order":0,"comment_status":"closed","ping_status":"closed","template":"brizy-blank-template.php","meta":{"_mo_disable_npp":"","footnotes":""},"class_list":["post-2258","page","type-page","status-publish","hentry"],"jetpack_sharing_enabled":true,"brizy_media":[{"id":2109,"url":"https:\/\/rafacontreras.org\/wp-content\/uploads\/2025\/11\/IMG_1554-scaled.jpg","name":"IMG_1554.jpg","meta":{"brizy_attachment_uid":"wp-31f1438e44ea0d465edc3c5443c305b8.jpg","brizy_post_uid":["4961a6f587b6f0522a0d31abb46ed54f","2627e765f3515f650a14a8adc72d64eb","2188075f2d985d0be56a79a684cfa20d","61f69f3334206980c5c89f3f12f44490"]}},{"id":2137,"url":"https:\/\/rafacontreras.org\/wp-content\/uploads\/2025\/11\/IMG_1555-scaled.jpg","name":"IMG_1555.jpg","meta":{"brizy_attachment_uid":"wp-acb32c9768b5a4f43198e21cd95eeb02.jpg","brizy_post_uid":["2188075f2d985d0be56a79a684cfa20d","d3b62e125dfff4706c1b99e5c6c79329","2627e765f3515f650a14a8adc72d64eb","61f69f3334206980c5c89f3f12f44490"]}}],"_links":{"self":[{"href":"https:\/\/rafacontreras.org\/en\/wp-json\/wp\/v2\/pages\/2258","targetHints":{"allow":["GET"]}}],"collection":[{"href":"https:\/\/rafacontreras.org\/en\/wp-json\/wp\/v2\/pages"}],"about":[{"href":"https:\/\/rafacontreras.org\/en\/wp-json\/wp\/v2\/types\/page"}],"author":[{"embeddable":true,"href":"https:\/\/rafacontreras.org\/en\/wp-json\/wp\/v2\/users\/1"}],"replies":[{"embeddable":true,"href":"https:\/\/rafacontreras.org\/en\/wp-json\/wp\/v2\/comments?post=2258"}],"version-history":[{"count":17,"href":"https:\/\/rafacontreras.org\/en\/wp-json\/wp\/v2\/pages\/2258\/revisions"}],"predecessor-version":[{"id":2366,"href":"https:\/\/rafacontreras.org\/en\/wp-json\/wp\/v2\/pages\/2258\/revisions\/2366"}],"wp:attachment":[{"href":"https:\/\/rafacontreras.org\/en\/wp-json\/wp\/v2\/media?parent=2258"}],"curies":[{"name":"wp","href":"https:\/\/api.w.org\/{rel}","templated":true}]}}